{"id":24,"date":"2026-03-19T19:12:31","date_gmt":"2026-03-19T19:12:31","guid":{"rendered":"https:\/\/chiemsee-beachhouse.de\/impressum\/"},"modified":"2026-03-19T19:17:59","modified_gmt":"2026-03-19T19:17:59","slug":"impressum","status":"publish","type":"page","link":"https:\/\/chiemsee-beachhouse.de\/en\/impressum\/","title":{"rendered":"Imprint"},"content":{"rendered":"<div class=\"wp-block-group alignfull is-style-ext-preset--group--natural-1--section has-background-background-color has-background has-global-padding is-layout-constrained wp-container-core-group-is-layout-6150fac0 wp-block-group-is-layout-constrained\" style=\"margin-top:0;margin-bottom:0;padding-top:var(--wp--preset--spacing--70);padding-bottom:var(--wp--preset--spacing--70)\">\n<p class=\"ext-animate--on\"><strong>Information pursuant to Section 5 of the German Telemedia Act (TMG)<\/strong><\/p>\n\n\n\n<p class=\"ext-animate--on\">Karl Hofmann Bahnhofplatz 10 83233 Bernau am Chiemsee<\/p>\n\n\n\n<p class=\"ext-animate--on\"><strong>Contact us<\/strong><\/p>\n\n\n\n<p class=\"ext-animate--on\">Phone: +49 178 1963 287 <\/p>\n\n\n\n<p class=\"ext-animate--on\">E-Mail:\u00a0<a href=\"mailto:karl@chiemsee-beachhouse.de\">karl@chiemsee-beachhouse.de<\/a><\/p>\n\n\n\n<p><strong>VAT ID<\/strong><\/p>\n\n\n\n<p>VAT identification number pursuant to Section 27a of the German Value Added Tax Act (UStG): DE131066502<\/p>\n\n\n\n<p><strong>Responsible for content pursuant to Section 18(2) of the Media Services State Treaty<\/strong><\/p>\n\n\n\n<p>Karl Hofmann <\/p>\n\n\n\n<p class=\"ext-animate--on\">Bahnhofplatz 10 <\/p>\n\n\n\n<p class=\"ext-animate--on\">83233 Bernau am Chiemsee<\/p>\n\n\n\n<p><strong>Liability for Content<\/strong><\/p>\n\n\n\n<p>As a service provider, we are responsible for our own content on these pages in accordance with Section 7(1) of the German Telemedia Act (TMG) and general laws. However, pursuant to Sections 8 through 10 of the TMG, we are not obligated as a service provider to monitor third-party information that is transmitted or stored, or to investigate circumstances that indicate illegal activity.<\/p>\n\n\n\n<p><strong>Liability for Links<\/strong><\/p>\n\n\n\n<p class=\"ext-animate--on\">Our website contains links to external third-party websites over whose content we have no control. The respective provider or operator is always responsible for the content of the linked pages.<\/p>\n\n\n\n<p class=\"ext-animate--on\">Last updated: March 19, 2026<\/p>\n<\/div>","protected":false},"excerpt":{"rendered":"<p>Angaben gem\u00e4\u00df \u00a7 5 TMG Karl Hofmann Bahnhofplatz 10 83233 Bernau am Chiemsee Kontakt Telefon: +49 178 1963 287 E-Mail:\u00a0karl@chiemsee-beachhouse.de Umsatzsteuer-ID Umsatzsteuer-Identifikationsnummer gem\u00e4\u00df \u00a7 27a UStG: DE131066502 Inhaltlich verantwortlich gem\u00e4\u00df \u00a7 18 Abs. 2 MStV Karl Hofmann Bahnhofplatz 10 83233 Bernau am Chiemsee Haftung f\u00fcr Inhalte Als Diensteanbieter sind wir gem\u00e4\u00df \u00a7 7 Abs. 1 [&hellip;]<\/p>\n","protected":false},"author":1,"featured_media":0,"parent":0,"menu_order":0,"comment_status":"closed","ping_status":"closed","template":"page-with-title","meta":{"footnotes":""},"class_list":["post-24","page","type-page","status-publish","hentry"],"_links":{"self":[{"href":"https:\/\/chiemsee-beachhouse.de\/en\/wp-json\/wp\/v2\/pages\/24","targetHints":{"allow":["GET"]}}],"collection":[{"href":"https:\/\/chiemsee-beachhouse.de\/en\/wp-json\/wp\/v2\/pages"}],"about":[{"href":"https:\/\/chiemsee-beachhouse.de\/en\/wp-json\/wp\/v2\/types\/page"}],"author":[{"embeddable":true,"href":"https:\/\/chiemsee-beachhouse.de\/en\/wp-json\/wp\/v2\/users\/1"}],"replies":[{"embeddable":true,"href":"https:\/\/chiemsee-beachhouse.de\/en\/wp-json\/wp\/v2\/comments?post=24"}],"version-history":[{"count":2,"href":"https:\/\/chiemsee-beachhouse.de\/en\/wp-json\/wp\/v2\/pages\/24\/revisions"}],"predecessor-version":[{"id":32,"href":"https:\/\/chiemsee-beachhouse.de\/en\/wp-json\/wp\/v2\/pages\/24\/revisions\/32"}],"wp:attachment":[{"href":"https:\/\/chiemsee-beachhouse.de\/en\/wp-json\/wp\/v2\/media?parent=24"}],"curies":[{"name":"wp","href":"https:\/\/api.w.org\/{rel}","templated":true}]}}