{"id":20,"date":"2026-03-19T19:12:19","date_gmt":"2026-03-19T19:12:19","guid":{"rendered":"https:\/\/chiemsee-beachhouse.de\/ueber\/"},"modified":"2026-03-21T11:42:20","modified_gmt":"2026-03-21T11:42:20","slug":"ueber","status":"publish","type":"page","link":"https:\/\/chiemsee-beachhouse.de\/en\/ueber\/","title":{"rendered":"About"},"content":{"rendered":"<div class=\"wp-block-group alignfull is-style-ext-preset--group--natural-1--section ext-animate--off has-background-background-color has-background has-global-padding is-layout-constrained wp-container-core-group-is-layout-6714b1d7 wp-block-group-is-layout-constrained\" id=\"about\" style=\"margin-top:0;margin-bottom:0;padding-top:var(--wp--preset--spacing--70);padding-bottom:var(--wp--preset--spacing--70)\">\n<h2 class=\"wp-block-heading ext-animate--on\">Your host: Karl Hofmann<\/h2>\n\n\n\n<div class=\"wp-block-media-text alignwide is-stacked-on-mobile is-style-ext-preset--media-text--natural-1--card-1 ext-animate--on is-style-ext-preset--media-text--natural-1--card-1--2\" style=\"padding-top:0;padding-right:0;padding-bottom:0;padding-left:0;grid-template-columns:40% auto\"><figure class=\"wp-block-media-text__media\"><img loading=\"lazy\" decoding=\"async\" width=\"1024\" height=\"683\" src=\"https:\/\/chiemsee-beachhouse.de\/wp-content\/uploads\/2026\/03\/GTM416_TU13744_TH-1024x683.jpg\" alt=\"\" class=\"wp-image-211 size-full\" srcset=\"https:\/\/chiemsee-beachhouse.de\/wp-content\/uploads\/2026\/03\/GTM416_TU13744_TH-1024x683.jpg 1024w, https:\/\/chiemsee-beachhouse.de\/wp-content\/uploads\/2026\/03\/GTM416_TU13744_TH-300x200.jpg 300w, https:\/\/chiemsee-beachhouse.de\/wp-content\/uploads\/2026\/03\/GTM416_TU13744_TH-768x512.jpg 768w, https:\/\/chiemsee-beachhouse.de\/wp-content\/uploads\/2026\/03\/GTM416_TU13744_TH-1536x1024.jpg 1536w, https:\/\/chiemsee-beachhouse.de\/wp-content\/uploads\/2026\/03\/GTM416_TU13744_TH-2048x1365.jpg 2048w, https:\/\/chiemsee-beachhouse.de\/wp-content\/uploads\/2026\/03\/GTM416_TU13744_TH-18x12.jpg 18w\" sizes=\"auto, (max-width: 1024px) 100vw, 1024px\" \/><\/figure><div class=\"wp-block-media-text__content\">\n<div class=\"wp-block-group has-global-padding is-layout-constrained wp-container-core-group-is-layout-f611be13 wp-block-group-is-layout-constrained\" style=\"padding-top:var(--wp--preset--spacing--50);padding-right:var(--wp--preset--spacing--50);padding-bottom:var(--wp--preset--spacing--50);padding-left:var(--wp--preset--spacing--50)\">\n<p class=\"ext-animate--on\">My name is Karl, and I rent out the two vacation apartments on Bahnhofplatz in Bernau am Chiemsee. As a host, it\u2019s important to me that my guests feel right at home. I\u2019ve furnished the apartments with great attention to detail, and I\u2019m always available to assist you personally\u2014whether before you book or during your stay.<\/p>\n\n\n\n<p class=\"ext-animate--on\">It\u2019s important to me that my guests feel completely at home with us\u2014from the moment they first contact us until the day they leave.<\/p>\n<\/div>\n<\/div><\/div>\n\n\n\n<div class=\"wp-block-columns alignwide is-layout-flex wp-container-core-columns-is-layout-28f84493 wp-block-columns-is-layout-flex\">\n<div class=\"wp-block-column ext-animate--on is-layout-flow wp-block-column-is-layout-flow\">\n<figure class=\"wp-block-image size-large is-style-ext-preset-image-natural-1-image-1--content-bottom is-style-ext-preset--image--natural-1--image-1--content-bottom is-style-ext-preset--image--natural-1--image-1--content-bottom--3\"><img loading=\"lazy\" decoding=\"async\" width=\"768\" height=\"1024\" src=\"https:\/\/chiemsee-beachhouse.de\/wp-content\/uploads\/2026\/03\/Chalet-Garten2-768x1024.jpg\" alt=\"\" class=\"wp-image-121\" style=\"aspect-ratio:3\/4;object-fit:cover\" srcset=\"https:\/\/chiemsee-beachhouse.de\/wp-content\/uploads\/2026\/03\/Chalet-Garten2-768x1024.jpg 768w, https:\/\/chiemsee-beachhouse.de\/wp-content\/uploads\/2026\/03\/Chalet-Garten2-225x300.jpg 225w, https:\/\/chiemsee-beachhouse.de\/wp-content\/uploads\/2026\/03\/Chalet-Garten2-1152x1536.jpg 1152w, https:\/\/chiemsee-beachhouse.de\/wp-content\/uploads\/2026\/03\/Chalet-Garten2-1536x2048.jpg 1536w, https:\/\/chiemsee-beachhouse.de\/wp-content\/uploads\/2026\/03\/Chalet-Garten2-9x12.jpg 9w, https:\/\/chiemsee-beachhouse.de\/wp-content\/uploads\/2026\/03\/Chalet-Garten2-scaled.jpg 1920w\" sizes=\"auto, (max-width: 768px) 100vw, 768px\" \/><\/figure>\n<\/div>\n\n\n\n<div class=\"wp-block-column ext-animate--on is-layout-flow wp-block-column-is-layout-flow\">\n<figure class=\"wp-block-image size-full is-style-ext-preset-image-natural-1-image-1--content-bottom is-style-ext-preset--image--natural-1--image-1--content-bottom is-style-ext-preset--image--natural-1--image-1--content-bottom--4\"><img decoding=\"async\" src=\"https:\/\/chiemsee-beachhouse.de\/wp-content\/uploads\/2026\/03\/Chalet-WZ8.jpg\" alt=\"\" class=\"wp-image-115\" style=\"aspect-ratio:3\/4;object-fit:cover\"\/><\/figure>\n<\/div>\n\n\n\n<div class=\"wp-block-column ext-animate--on is-layout-flow wp-block-column-is-layout-flow\">\n<figure class=\"wp-block-image size-full is-style-ext-preset-image-natural-1-image-1--content-bottom is-style-ext-preset--image--natural-1--image-1--content-bottom is-style-ext-preset--image--natural-1--image-1--content-bottom--5\"><img loading=\"lazy\" decoding=\"async\" width=\"1600\" height=\"900\" src=\"https:\/\/chiemsee-beachhouse.de\/wp-content\/uploads\/2026\/03\/IMG-20160608-WA0005.jpg\" alt=\"\" class=\"wp-image-158\" style=\"aspect-ratio:3\/4;object-fit:cover\"\/><\/figure>\n<\/div>\n<\/div>\n<\/div>\n\n\n\n<div class=\"wp-block-group alignfull is-style-ext-preset--group--natural-1--section has-tertiary-background-color has-background has-global-padding is-layout-constrained wp-container-core-group-is-layout-f72f1611 wp-block-group-is-layout-constrained\" id=\"gallery\" style=\"margin-top:0;margin-bottom:0;padding-top:var(--wp--preset--spacing--70);padding-bottom:var(--wp--preset--spacing--70)\">\n<div class=\"wp-block-group alignwide ext-is-logical-start has-global-padding is-content-justification-left is-layout-constrained wp-container-core-group-is-layout-6729bdbe wp-block-group-is-layout-constrained\">\n<h2 class=\"wp-block-heading ext-animate--on\">Two apartments, one home<\/h2>\n\n\n\n<p class=\"has-text-align-left ext-animate--on translation-block\">The <strong>Beachhouse<\/strong> and the <strong>Herzerl-Chalet<\/strong> are both lovingly furnished and offer everything you need for a relaxing vacation. Whether you\u2019re a couple, a small family, or a traveler with a dog\u2014here you\u2019ll find your own personal retreat on Lake Chiemsee.<\/p>\n<\/div>\n\n\n\n<div class=\"wp-block-columns alignwide is-layout-flex wp-container-core-columns-is-layout-87beb0d0 wp-block-columns-is-layout-flex\">\n<div class=\"wp-block-column is-vertically-aligned-stretch ext-animate--on is-layout-flow wp-container-core-column-is-layout-f5bb311e wp-block-column-is-layout-flow\" style=\"flex-basis:50%\">\n<div class=\"wp-block-cover is-light is-style-ext-preset--image--natural-1--image-1--content-top is-style-ext-preset--image--natural-1--image-1--content-top--7\" style=\"padding-top:0;padding-bottom:0;min-height:100%;aspect-ratio:unset;\"><img loading=\"lazy\" decoding=\"async\" width=\"1024\" height=\"768\" class=\"wp-block-cover__image-background wp-image-133 size-large\" alt=\"\" src=\"https:\/\/chiemsee-beachhouse.de\/wp-content\/uploads\/2026\/03\/Beachhaus-Schlafzimmer1-1024x768.jpg\" data-object-fit=\"cover\" srcset=\"https:\/\/chiemsee-beachhouse.de\/wp-content\/uploads\/2026\/03\/Beachhaus-Schlafzimmer1-1024x768.jpg 1024w, https:\/\/chiemsee-beachhouse.de\/wp-content\/uploads\/2026\/03\/Beachhaus-Schlafzimmer1-300x225.jpg 300w, https:\/\/chiemsee-beachhouse.de\/wp-content\/uploads\/2026\/03\/Beachhaus-Schlafzimmer1-768x576.jpg 768w, https:\/\/chiemsee-beachhouse.de\/wp-content\/uploads\/2026\/03\/Beachhaus-Schlafzimmer1-1536x1152.jpg 1536w, https:\/\/chiemsee-beachhouse.de\/wp-content\/uploads\/2026\/03\/Beachhaus-Schlafzimmer1-2048x1536.jpg 2048w, https:\/\/chiemsee-beachhouse.de\/wp-content\/uploads\/2026\/03\/Beachhaus-Schlafzimmer1-16x12.jpg 16w\" sizes=\"auto, (max-width: 1024px) 100vw, 1024px\" \/><span aria-hidden=\"true\" class=\"wp-block-cover__background has-background-dim-0 has-background-dim\" style=\"background-color:#b3a28e\"><\/span><div class=\"wp-block-cover__inner-container is-layout-flow wp-block-cover-is-layout-flow\">\n<div style=\"height:240px\" aria-hidden=\"true\" class=\"wp-block-spacer\"><\/div>\n<\/div><\/div>\n<\/div>\n\n\n\n<div class=\"wp-block-column is-vertically-aligned-top ext-animate--on is-layout-flow wp-container-core-column-is-layout-f5bb311e wp-block-column-is-layout-flow\">\n<figure class=\"wp-block-image size-large is-style-ext-preset--image--natural-1--image-1--content-top is-style-ext-preset--image--natural-1--image-1--content-top--8\"><img loading=\"lazy\" decoding=\"async\" width=\"768\" height=\"1024\" src=\"https:\/\/chiemsee-beachhouse.de\/wp-content\/uploads\/2026\/03\/Chalet-Kueche1-768x1024.jpg\" alt=\"\" class=\"wp-image-101\" style=\"aspect-ratio:1;object-fit:cover\" srcset=\"https:\/\/chiemsee-beachhouse.de\/wp-content\/uploads\/2026\/03\/Chalet-Kueche1-768x1024.jpg 768w, https:\/\/chiemsee-beachhouse.de\/wp-content\/uploads\/2026\/03\/Chalet-Kueche1-225x300.jpg 225w, https:\/\/chiemsee-beachhouse.de\/wp-content\/uploads\/2026\/03\/Chalet-Kueche1-1152x1536.jpg 1152w, https:\/\/chiemsee-beachhouse.de\/wp-content\/uploads\/2026\/03\/Chalet-Kueche1-1536x2048.jpg 1536w, https:\/\/chiemsee-beachhouse.de\/wp-content\/uploads\/2026\/03\/Chalet-Kueche1-9x12.jpg 9w, https:\/\/chiemsee-beachhouse.de\/wp-content\/uploads\/2026\/03\/Chalet-Kueche1-scaled.jpg 1920w\" sizes=\"auto, (max-width: 768px) 100vw, 768px\" \/><\/figure>\n\n\n\n<figure class=\"wp-block-image size-large is-style-ext-preset--image--natural-1--image-1--content-top is-style-ext-preset--image--natural-1--image-1--content-top--9\"><img loading=\"lazy\" decoding=\"async\" width=\"1024\" height=\"683\" src=\"https:\/\/chiemsee-beachhouse.de\/wp-content\/uploads\/2026\/03\/Beachhaus-Kueche7-1024x683.jpg\" alt=\"\" class=\"wp-image-132\" style=\"aspect-ratio:1;object-fit:cover\" srcset=\"https:\/\/chiemsee-beachhouse.de\/wp-content\/uploads\/2026\/03\/Beachhaus-Kueche7-1024x683.jpg 1024w, https:\/\/chiemsee-beachhouse.de\/wp-content\/uploads\/2026\/03\/Beachhaus-Kueche7-300x200.jpg 300w, https:\/\/chiemsee-beachhouse.de\/wp-content\/uploads\/2026\/03\/Beachhaus-Kueche7-768x512.jpg 768w, https:\/\/chiemsee-beachhouse.de\/wp-content\/uploads\/2026\/03\/Beachhaus-Kueche7-1536x1024.jpg 1536w, https:\/\/chiemsee-beachhouse.de\/wp-content\/uploads\/2026\/03\/Beachhaus-Kueche7-2048x1365.jpg 2048w, https:\/\/chiemsee-beachhouse.de\/wp-content\/uploads\/2026\/03\/Beachhaus-Kueche7-18x12.jpg 18w\" sizes=\"auto, (max-width: 1024px) 100vw, 1024px\" \/><\/figure>\n<\/div>\n\n\n\n<div class=\"wp-block-column is-vertically-aligned-top ext-animate--on is-layout-flow wp-container-core-column-is-layout-f5bb311e wp-block-column-is-layout-flow\">\n<figure class=\"wp-block-image size-full is-style-ext-preset--image--natural-1--image-1--content-top is-style-ext-preset--image--natural-1--image-1--content-top--10\"><img decoding=\"async\" src=\"https:\/\/chiemsee-beachhouse.de\/wp-content\/uploads\/2026\/03\/Beachhaus-Wohnzimmer1.jpg\" alt=\"\" class=\"wp-image-135\" style=\"aspect-ratio:1;object-fit:cover\"\/><\/figure>\n\n\n\n<figure class=\"wp-block-image size-large is-style-ext-preset--image--natural-1--image-1--content-top is-style-ext-preset--image--natural-1--image-1--content-top--11\"><img loading=\"lazy\" decoding=\"async\" width=\"1024\" height=\"768\" src=\"https:\/\/chiemsee-beachhouse.de\/wp-content\/uploads\/2026\/03\/Beachhaus-Terasse5-1024x768.jpeg\" alt=\"\" class=\"wp-image-139\" style=\"aspect-ratio:1;object-fit:cover\" srcset=\"https:\/\/chiemsee-beachhouse.de\/wp-content\/uploads\/2026\/03\/Beachhaus-Terasse5-1024x768.jpeg 1024w, https:\/\/chiemsee-beachhouse.de\/wp-content\/uploads\/2026\/03\/Beachhaus-Terasse5-300x225.jpeg 300w, https:\/\/chiemsee-beachhouse.de\/wp-content\/uploads\/2026\/03\/Beachhaus-Terasse5-768x576.jpeg 768w, https:\/\/chiemsee-beachhouse.de\/wp-content\/uploads\/2026\/03\/Beachhaus-Terasse5-1536x1152.jpeg 1536w, https:\/\/chiemsee-beachhouse.de\/wp-content\/uploads\/2026\/03\/Beachhaus-Terasse5-2048x1536.jpeg 2048w, https:\/\/chiemsee-beachhouse.de\/wp-content\/uploads\/2026\/03\/Beachhaus-Terasse5-16x12.jpeg 16w\" sizes=\"auto, (max-width: 1024px) 100vw, 1024px\" \/><\/figure>\n<\/div>\n<\/div>\n<\/div>\n\n\n\n<div class=\"wp-block-group alignfull is-style-ext-preset--group--natural-1--section has-background-background-color has-background has-global-padding is-layout-constrained wp-container-core-group-is-layout-e955bbaf wp-block-group-is-layout-constrained\" id=\"features\" style=\"margin-top:0;margin-bottom:0;padding-top:var(--wp--preset--spacing--70);padding-bottom:var(--wp--preset--spacing--70)\">\n<div class=\"wp-block-group alignwide ext-is-logical-start has-global-padding is-content-justification-left is-layout-constrained wp-container-core-group-is-layout-6729bdbe wp-block-group-is-layout-constrained\">\n<h2 class=\"wp-block-heading ext-animate--on\">Bernau am Chiemsee \u2013 right in the heart of it all, yet peaceful<\/h2>\n\n\n\n<p class=\"has-text-align-left ext-animate--on\">Our apartments are located right on Bahnhofplatz in Bernau\u2014just 150 meters from the train station and 2 kilometers from Lake Chiemsee. From here, you can reach Munich in an hour by train and Salzburg in about 40 minutes. The region offers endless possibilities: hiking and biking in the Chiemgau Alps, water sports on the lake, Herreninsel with its royal castle, or cozy beer gardens in the surrounding area.<\/p>\n<\/div>\n\n\n\n<div class=\"wp-block-columns alignwide ext-animate--on is-layout-flex wp-container-core-columns-is-layout-174606dc wp-block-columns-is-layout-flex\">\n<div class=\"wp-block-column is-vertically-aligned-stretch ext-animate--on is-layout-flow wp-container-core-column-is-layout-119bc444 wp-block-column-is-layout-flow\">\n<div class=\"wp-block-cover is-light is-style-ext-preset--image--natural-1--image-1--content-right is-style-ext-preset--image--natural-1--image-1--content-right--13\" style=\"padding-top:0;padding-bottom:0;min-height:100%;aspect-ratio:unset;\"><img loading=\"lazy\" decoding=\"async\" width=\"512\" height=\"512\" class=\"wp-block-cover__image-background wp-image-203 size-full\" alt=\"\" src=\"https:\/\/chiemsee-beachhouse.de\/wp-content\/uploads\/2026\/03\/cropped-IMG-20160608-WA0006.jpg\" data-object-fit=\"cover\" srcset=\"https:\/\/chiemsee-beachhouse.de\/wp-content\/uploads\/2026\/03\/cropped-IMG-20160608-WA0006.jpg 512w, https:\/\/chiemsee-beachhouse.de\/wp-content\/uploads\/2026\/03\/cropped-IMG-20160608-WA0006-300x300.jpg 300w, https:\/\/chiemsee-beachhouse.de\/wp-content\/uploads\/2026\/03\/cropped-IMG-20160608-WA0006-150x150.jpg 150w, https:\/\/chiemsee-beachhouse.de\/wp-content\/uploads\/2026\/03\/cropped-IMG-20160608-WA0006-12x12.jpg 12w, https:\/\/chiemsee-beachhouse.de\/wp-content\/uploads\/2026\/03\/cropped-IMG-20160608-WA0006-270x270.jpg 270w, https:\/\/chiemsee-beachhouse.de\/wp-content\/uploads\/2026\/03\/cropped-IMG-20160608-WA0006-192x192.jpg 192w, https:\/\/chiemsee-beachhouse.de\/wp-content\/uploads\/2026\/03\/cropped-IMG-20160608-WA0006-180x180.jpg 180w, https:\/\/chiemsee-beachhouse.de\/wp-content\/uploads\/2026\/03\/cropped-IMG-20160608-WA0006-32x32.jpg 32w\" sizes=\"auto, (max-width: 512px) 100vw, 512px\" \/><span aria-hidden=\"true\" class=\"wp-block-cover__background has-background-dim-0 has-background-dim\" style=\"background-color:#998f85\"><\/span><div class=\"wp-block-cover__inner-container is-layout-flow wp-block-cover-is-layout-flow\">\n<div style=\"height:240px\" aria-hidden=\"true\" class=\"wp-block-spacer\"><\/div>\n<\/div><\/div>\n<\/div>\n\n\n\n<div class=\"wp-block-column is-vertically-aligned-center is-layout-flow wp-block-column-is-layout-flow\">\n<div class=\"wp-block-group is-style-ext-preset--group--natural-1--item-card-1--align-start has-global-padding is-layout-constrained wp-block-group-is-layout-constrained is-style-ext-preset--group--natural-1--item-card-1--align-start--14\">\n<div class=\"wp-block-group is-style-default has-global-padding is-layout-constrained wp-block-group-is-layout-constrained\">\n<div class=\"wp-block-group is-nowrap is-layout-flex wp-container-core-group-is-layout-64fa2afa wp-block-group-is-layout-flex\" style=\"padding-top:0;padding-right:0;padding-bottom:0;padding-left:0\">\n<figure class=\"wp-block-image size-large ext-aspect-landscape wp-duotone-primary-foreground\"><img decoding=\"async\" src=\"data:image\/svg+xml;base64,PHN2ZyB4bWxucz0iaHR0cDovL3d3dy53My5vcmcvMjAwMC9zdmciIHdpZHRoPSI0OCIgaGVpZ2h0PSI0OCIgZmlsbD0iIzAwMDAwMCIgdmlld0JveD0iMCAwIDI1NiAyNTYiPjxwYXRoIGQ9Ik0xNzIsNzZhNDQsNDQsMCwxLDAtNDQsNDRBNDQuMDUsNDQuMDUsMCwwLDAsMTcyLDc2Wm0tNDQsMjhhMjgsMjgsMCwxLDEsMjgtMjhBMjgsMjgsMCwwLDEsMTI4LDEwNFptNjAsMjRhNDQsNDQsMCwxLDAsNDQsNDRBNDQuMDUsNDQuMDUsMCwwLDAsMTg4LDEyOFptMCw3MmEyOCwyOCwwLDEsMSwyOC0yOEEyOCwyOCwwLDAsMSwxODgsMjAwWk02OCwxMjhhNDQsNDQsMCwxLDAsNDQsNDRBNDQuMDUsNDQuMDUsMCwwLDAsNjgsMTI4Wm0wLDcyYTI4LDI4LDAsMSwxLDI4LTI4QTI4LDI4LDAsMCwxLDY4LDIwMFoiPjwvcGF0aD48L3N2Zz4=\" alt=\"\" style=\"object-fit:cover\"\/><\/figure>\n\n\n\n<div class=\"wp-block-group wp-container-content-958eb9dc has-global-padding is-layout-constrained wp-container-core-group-is-layout-c06d165c wp-block-group-is-layout-constrained\" style=\"padding-top:0;padding-right:0;padding-bottom:0;padding-left:0\">\n<h3 class=\"wp-block-heading\">Personal contact<\/h3>\n\n\n\n<p>With us, you book directly with the host\u2014no call centers, no middlemen. I\u2019m always available to answer questions and offer advice.<\/p>\n<\/div>\n<\/div>\n<\/div>\n<\/div>\n\n\n\n<div class=\"wp-block-group is-style-ext-preset--group--natural-1--item-card-1--align-start ext-animate--on has-global-padding is-layout-constrained wp-block-group-is-layout-constrained is-style-ext-preset--group--natural-1--item-card-1--align-start--15\">\n<div class=\"wp-block-group is-style-default has-global-padding is-layout-constrained wp-block-group-is-layout-constrained\">\n<div class=\"wp-block-group is-nowrap is-layout-flex wp-container-core-group-is-layout-64fa2afa wp-block-group-is-layout-flex\" style=\"padding-top:0;padding-right:0;padding-bottom:0;padding-left:0\">\n<figure class=\"wp-block-image size-large ext-aspect-landscape wp-duotone-primary-foreground\"><img decoding=\"async\" src=\"data:image\/svg+xml;base64,PHN2ZyB4bWxucz0iaHR0cDovL3d3dy53My5vcmcvMjAwMC9zdmciIHdpZHRoPSI0OCIgaGVpZ2h0PSI0OCIgZmlsbD0iIzAwMDAwMCIgdmlld0JveD0iMCAwIDI1NiAyNTYiPjxwYXRoIGQ9Ik04MCw0MGE0MCw0MCwwLDEsMCw0MCw0MEE0MCw0MCwwLDAsMCw4MCw0MFptMCw2NGEyNCwyNCwwLDEsMSwyNC0yNEEyNCwyNCwwLDAsMSw4MCwxMDRabTk2LDE2YTQwLDQwLDAsMSwwLTQwLTQwQTQwLDQwLDAsMCwwLDE3NiwxMjBabTAtNjRhMjQsMjQsMCwxLDEtMjQsMjRBMjQsMjQsMCwwLDEsMTc2LDU2Wk04MCwxMzZhNDAsNDAsMCwxLDAsNDAsNDBBNDAsNDAsMCwwLDAsODAsMTM2Wm0wLDY0YTI0LDI0LDAsMSwxLDI0LTI0QTI0LDI0LDAsMCwxLDgwLDIwMFptOTYtNjRhNDAsNDAsMCwxLDAsNDAsNDBBNDAsNDAsMCwwLDAsMTc2LDEzNlptMCw2NGEyNCwyNCwwLDEsMSwyNC0yNEEyNCwyNCwwLDAsMSwxNzYsMjAwWiI+PC9wYXRoPjwvc3ZnPg==\" alt=\"\" style=\"object-fit:cover\"\/><\/figure>\n\n\n\n<div class=\"wp-block-group wp-container-content-958eb9dc has-global-padding is-layout-constrained wp-container-core-group-is-layout-c06d165c wp-block-group-is-layout-constrained\" style=\"padding-top:0;padding-right:0;padding-bottom:0;padding-left:0\">\n<h3 class=\"wp-block-heading\">Best Price Guarantee<\/h3>\n\n\n\n<p>When you book directly, you're guaranteed the best price. For stays of 3 nights or more, you'll receive a small welcome gift.<\/p>\n<\/div>\n<\/div>\n<\/div>\n<\/div>\n\n\n\n<div class=\"wp-block-group is-style-ext-preset--group--natural-1--item-card-1--align-start ext-animate--on has-global-padding is-layout-constrained wp-block-group-is-layout-constrained is-style-ext-preset--group--natural-1--item-card-1--align-start--16\">\n<div class=\"wp-block-group is-style-default has-global-padding is-layout-constrained wp-block-group-is-layout-constrained\">\n<div class=\"wp-block-group is-nowrap is-layout-flex wp-container-core-group-is-layout-64fa2afa wp-block-group-is-layout-flex\" style=\"padding-top:0;padding-right:0;padding-bottom:0;padding-left:0\">\n<figure class=\"wp-block-image size-large ext-aspect-landscape wp-duotone-primary-foreground\"><img decoding=\"async\" src=\"data:image\/svg+xml;base64,PHN2ZyB4bWxucz0iaHR0cDovL3d3dy53My5vcmcvMjAwMC9zdmciIHdpZHRoPSI0OCIgaGVpZ2h0PSI0OCIgZmlsbD0iIzAwMDAwMCIgdmlld0JveD0iMCAwIDI1NiAyNTYiPjxwYXRoIGQ9Ik04MCw0MGE0MCw0MCwwLDEsMCw0MCw0MEE0MCw0MCwwLDAsMCw4MCw0MFptMCw2NGEyNCwyNCwwLDEsMSwyNC0yNEEyNCwyNCwwLDAsMSw4MCwxMDRabTk2LDE2YTQwLDQwLDAsMSwwLTQwLTQwQTQwLDQwLDAsMCwwLDE3NiwxMjBabTAtNjRhMjQsMjQsMCwxLDEtMjQsMjRBMjQsMjQsMCwwLDEsMTc2LDU2Wk04MCwxMzZhNDAsNDAsMCwxLDAsNDAsNDBBNDAsNDAsMCwwLDAsODAsMTM2Wm0wLDY0YTI0LDI0LDAsMSwxLDI0LTI0QTI0LDI0LDAsMCwxLDgwLDIwMFptMTM2LTI0YTgsOCwwLDAsMS04LDhIMTg0djI0YTgsOCwwLDAsMS0xNiwwVjE4NEgxNDRhOCw4LDAsMCwxLDAtMTZoMjRWMTQ0YTgsOCwwLDAsMSwxNiwwdjI0aDI0QTgsOCwwLDAsMSwyMTYsMTc2WiI+PC9wYXRoPjwvc3ZnPg==\" alt=\"\" style=\"object-fit:cover\"\/><\/figure>\n\n\n\n<div class=\"wp-block-group wp-container-content-958eb9dc has-global-padding is-layout-constrained wp-container-core-group-is-layout-c06d165c wp-block-group-is-layout-constrained\" style=\"padding-top:0;padding-right:0;padding-bottom:0;padding-left:0\">\n<h3 class=\"wp-block-heading\">Recommended by guests<\/h3>\n\n\n\n<p>A 9.3 out of 10 rating on Booking.com and 5 out of 5 stars on TripAdvisor\u2014see for yourself.<\/p>\n<\/div>\n<\/div>\n<\/div>\n<\/div>\n<\/div>\n<\/div>\n<\/div>","protected":false},"excerpt":{"rendered":"<p>Ihr Gastgeber: Karl Hofmann Ich bin Karl und vermiete die beiden Ferienwohnungen am Bahnhofplatz in Bernau am Chiemsee. Als Vermieter ist es mir wichtig, dass meine G\u00e4ste sich wie zu Hause f\u00fchlen. Die Wohnungen habe ich mit viel Liebe zum Detail eingerichtet, und ich bin jederzeit pers\u00f6nlich f\u00fcr Sie erreichbar \u2013 ob vor der Buchung [&hellip;]<\/p>\n","protected":false},"author":1,"featured_media":0,"parent":0,"menu_order":0,"comment_status":"closed","ping_status":"closed","template":"page-with-title","meta":{"footnotes":""},"class_list":["post-20","page","type-page","status-publish","hentry"],"_links":{"self":[{"href":"https:\/\/chiemsee-beachhouse.de\/en\/wp-json\/wp\/v2\/pages\/20","targetHints":{"allow":["GET"]}}],"collection":[{"href":"https:\/\/chiemsee-beachhouse.de\/en\/wp-json\/wp\/v2\/pages"}],"about":[{"href":"https:\/\/chiemsee-beachhouse.de\/en\/wp-json\/wp\/v2\/types\/page"}],"author":[{"embeddable":true,"href":"https:\/\/chiemsee-beachhouse.de\/en\/wp-json\/wp\/v2\/users\/1"}],"replies":[{"embeddable":true,"href":"https:\/\/chiemsee-beachhouse.de\/en\/wp-json\/wp\/v2\/comments?post=20"}],"version-history":[{"count":7,"href":"https:\/\/chiemsee-beachhouse.de\/en\/wp-json\/wp\/v2\/pages\/20\/revisions"}],"predecessor-version":[{"id":212,"href":"https:\/\/chiemsee-beachhouse.de\/en\/wp-json\/wp\/v2\/pages\/20\/revisions\/212"}],"wp:attachment":[{"href":"https:\/\/chiemsee-beachhouse.de\/en\/wp-json\/wp\/v2\/media?parent=20"}],"curies":[{"name":"wp","href":"https:\/\/api.w.org\/{rel}","templated":true}]}}