{"id":18,"date":"2026-03-19T19:12:18","date_gmt":"2026-03-19T19:12:18","guid":{"rendered":"https:\/\/chiemsee-beachhouse.de\/faq\/"},"modified":"2026-04-02T13:33:03","modified_gmt":"2026-04-02T13:33:03","slug":"faq","status":"publish","type":"page","link":"https:\/\/chiemsee-beachhouse.de\/en\/faq\/","title":{"rendered":"FAQ"},"content":{"rendered":"<div class=\"wp-block-group alignfull is-style-ext-preset--group--natural-1--section has-background-background-color has-background has-global-padding is-layout-constrained wp-container-core-group-is-layout-e955bbaf wp-block-group-is-layout-constrained\" id=\"faq\" style=\"margin-top:0;margin-bottom:0;padding-top:var(--wp--preset--spacing--70);padding-bottom:var(--wp--preset--spacing--70)\">\n<div class=\"wp-block-group alignwide ext-is-logical-start has-global-padding is-content-justification-left is-layout-constrained wp-container-core-group-is-layout-20186816 wp-block-group-is-layout-constrained\">\n<h2 class=\"wp-block-heading ext-animate--on\">Charming vacation rentals on Lake Chiemsee for active travelers with dogs<\/h2>\n\n\n\n<p class=\"ext-animate--on\">Here you\u2019ll find answers to frequently asked questions about our apartments, so you can quickly get all the important information.<\/p>\n<\/div>\n\n\n\n<div class=\"wp-block-columns alignwide is-layout-flex wp-container-core-columns-is-layout-08c01c1c wp-block-columns-is-layout-flex\">\n<div class=\"wp-block-column ext-animate--on is-layout-flow wp-container-core-column-is-layout-119bc444 wp-block-column-is-layout-flow\">\n<div class=\"wp-block-group is-style-ext-preset--group--natural-1--item-card-1--align-start has-global-padding is-layout-constrained wp-block-group-is-layout-constrained is-style-ext-preset--group--natural-1--item-card-1--align-start--2\">\n<div class=\"wp-block-group is-style-default has-global-padding is-layout-constrained wp-block-group-is-layout-constrained\">\n<h3 class=\"wp-block-heading\">What amenities do the Beachhouse Apartments offer?<\/h3>\n\n\n\n<p>Both apartments feature Wi-Fi, a smart TV, a fully equipped kitchen with a dishwasher and washing machine, a quiet terrace, and a fully fenced-in garden. Free parking and a bike garage are also available.<\/p>\n<\/div>\n<\/div>\n<\/div>\n\n\n\n<div class=\"wp-block-column ext-animate--on is-layout-flow wp-container-core-column-is-layout-119bc444 wp-block-column-is-layout-flow\">\n<div class=\"wp-block-group is-style-ext-preset--group--natural-1--item-card-1--align-start has-global-padding is-layout-constrained wp-block-group-is-layout-constrained is-style-ext-preset--group--natural-1--item-card-1--align-start--3\">\n<div class=\"wp-block-group is-style-default has-global-padding is-layout-constrained wp-block-group-is-layout-constrained\">\n<h3 class=\"wp-block-heading\">Are pets allowed in the accommodations?<\/h3>\n\n\n\n<p>Yes, dogs are very welcome here. The garden is fully fenced, and the nearest dog training school is just 400 meters away. There are plenty of walking trails around Bernau that start right at our doorstep.<\/p>\n<\/div>\n<\/div>\n<\/div>\n<\/div>\n\n\n\n<div class=\"wp-block-columns alignwide ext-animate--on is-layout-flex wp-container-core-columns-is-layout-08c01c1c wp-block-columns-is-layout-flex\">\n<div class=\"wp-block-column ext-animate--on is-layout-flow wp-container-core-column-is-layout-119bc444 wp-block-column-is-layout-flow\">\n<div class=\"wp-block-group is-style-ext-preset--group--natural-1--item-card-1--align-start ext-animate--on has-global-padding is-layout-constrained wp-block-group-is-layout-constrained is-style-ext-preset--group--natural-1--item-card-1--align-start--4\">\n<div class=\"wp-block-group is-style-default ext-animate--on has-global-padding is-layout-constrained wp-block-group-is-layout-constrained\">\n<h3 class=\"wp-block-heading ext-animate--on\">What is the direct booking benefit?<\/h3>\n\n\n\n<p class=\"ext-animate--on\">When you book directly with us, you\u2019ll not only get the best price, but also a small welcome gift for stays of 3 nights or more.<\/p>\n\n\n\n<p class=\"ext-animate--on\"><\/p>\n<\/div>\n<\/div>\n<\/div>\n\n\n\n<div class=\"wp-block-column ext-animate--on is-layout-flow wp-container-core-column-is-layout-119bc444 wp-block-column-is-layout-flow\">\n<div class=\"wp-block-group is-style-ext-preset--group--natural-1--item-card-1--align-start ext-animate--on has-global-padding is-layout-constrained wp-block-group-is-layout-constrained is-style-ext-preset--group--natural-1--item-card-1--align-start--5\">\n<div class=\"wp-block-group is-style-default ext-animate--on has-global-padding is-layout-constrained wp-block-group-is-layout-constrained\">\n<h3 class=\"wp-block-heading ext-animate--on\">How do I make a reservation?<\/h3>\n\n\n\n<p class=\"ext-animate--on\">The easiest way is to use the contact form on our website or call us at +49 178 1963 287. We\u2019ll get back to you as soon as possible.<\/p>\n<\/div>\n<\/div>\n<\/div>\n<\/div>\n\n\n\n<div class=\"wp-block-columns alignwide is-layout-flex wp-container-core-columns-is-layout-967d05ff wp-block-columns-is-layout-flex\" style=\"margin-top:var(--wp--preset--spacing--40)\">\n<div class=\"wp-block-column ext-animate--on is-layout-flow wp-container-core-column-is-layout-119bc444 wp-block-column-is-layout-flow\">\n<div class=\"wp-block-group is-style-ext-preset--group--natural-1--item-card-1--align-start has-global-padding is-layout-constrained wp-block-group-is-layout-constrained is-style-ext-preset--group--natural-1--item-card-1--align-start--6\">\n<div class=\"wp-block-group is-style-default has-global-padding is-layout-constrained wp-block-group-is-layout-constrained\">\n<h3 class=\"wp-block-heading\">How far is it to Lake Chiemsee?<\/h3>\n\n\n\n<p>Lake Chiemsee is about 2 km from the apartments\u2014perfect for swimming, stand-up paddleboarding, or a walk along the shore.<\/p>\n<\/div>\n<\/div>\n<\/div>\n\n\n\n<div class=\"wp-block-column ext-animate--on is-layout-flow wp-container-core-column-is-layout-119bc444 wp-block-column-is-layout-flow\">\n<div class=\"wp-block-group is-style-ext-preset--group--natural-1--item-card-1--align-start has-global-padding is-layout-constrained wp-block-group-is-layout-constrained is-style-ext-preset--group--natural-1--item-card-1--align-start--7\">\n<div class=\"wp-block-group is-style-default has-global-padding is-layout-constrained wp-block-group-is-layout-constrained\">\n<h3 class=\"wp-block-heading\">How do I get there by public transportation?<\/h3>\n\n\n\n<p>The Bernau am Chiemsee train station is just 150 meters away. From Munich, you can reach us in about an hour by Meridian train.<\/p>\n<\/div>\n<\/div>\n<\/div>\n<\/div>\n\n\n\n<div class=\"wp-block-columns alignwide is-layout-flex wp-container-core-columns-is-layout-967d05ff wp-block-columns-is-layout-flex\" style=\"margin-top:var(--wp--preset--spacing--40)\">\n<div class=\"wp-block-column ext-animate--on is-layout-flow wp-container-core-column-is-layout-119bc444 wp-block-column-is-layout-flow\">\n<div class=\"wp-block-group is-style-ext-preset--group--natural-1--item-card-1--align-start ext-animate--on has-global-padding is-layout-constrained wp-block-group-is-layout-constrained is-style-ext-preset--group--natural-1--item-card-1--align-start--8\">\n<div class=\"wp-block-group is-style-default ext-animate--on has-global-padding is-layout-constrained wp-block-group-is-layout-constrained\">\n<h3 class=\"wp-block-heading ext-animate--on\">Is there a parking lot?<\/h3>\n\n\n\n<p class=\"ext-animate--on\">Yes, free parking is available right next to the accommodation.<\/p>\n<\/div>\n<\/div>\n<\/div>\n\n\n\n<div class=\"wp-block-column ext-animate--on is-layout-flow wp-container-core-column-is-layout-119bc444 wp-block-column-is-layout-flow\">\n<div class=\"wp-block-group is-style-ext-preset--group--natural-1--item-card-1--align-start has-global-padding is-layout-constrained wp-block-group-is-layout-constrained is-style-ext-preset--group--natural-1--item-card-1--align-start--9\">\n<div class=\"wp-block-group is-style-default has-global-padding is-layout-constrained wp-block-group-is-layout-constrained\">\n<h3 class=\"wp-block-heading\">Is there a minimum stay requirement?<\/h3>\n\n\n\n<p>During peak season, the minimum stay is 7 nights. During the off-season, shorter stays are also possible\u2014just contact us to inquire.<\/p>\n<\/div>\n<\/div>\n<\/div>\n<\/div>\n<\/div>\n\n\n\n<div class=\"wp-block-group alignfull is-style-ext-preset--group--natural-1--section has-tertiary-background-color has-background has-global-padding is-layout-constrained wp-container-core-group-is-layout-e955bbaf wp-block-group-is-layout-constrained\" id=\"features\" style=\"margin-top:0;margin-bottom:0;padding-top:var(--wp--preset--spacing--70);padding-bottom:var(--wp--preset--spacing--70)\">\n<div class=\"wp-block-group alignwide ext-is-logical-start has-global-padding is-content-justification-left is-layout-constrained wp-container-core-group-is-layout-6729bdbe wp-block-group-is-layout-constrained\">\n<h2 class=\"wp-block-heading ext-animate--on\">Chiemsee Beachhouse Apartments: Your retreat by the water<\/h2>\n\n\n\n<p class=\"has-text-align-left ext-animate--on\">Discover our cozy vacation apartments, which combine comfort with the beauty of nature\u2014perfect for relaxation and adventure on Lake Chiemsee.<\/p>\n<\/div>\n\n\n\n<div class=\"wp-block-columns alignwide is-layout-flex wp-container-core-columns-is-layout-87beb0d0 wp-block-columns-is-layout-flex\">\n<div class=\"wp-block-column is-vertically-aligned-stretch ext-animate--on is-layout-flow wp-container-core-column-is-layout-119bc444 wp-block-column-is-layout-flow\">\n<div class=\"wp-block-media-text is-stacked-on-mobile is-image-fill-element is-style-ext-preset--media-text--natural-1--card-1 has-background-background-color has-background is-style-ext-preset--media-text--natural-1--card-1--11\"><figure class=\"wp-block-media-text__media\"><img loading=\"lazy\" decoding=\"async\" width=\"1024\" height=\"683\" src=\"https:\/\/chiemsee-beachhouse.de\/wp-content\/uploads\/2026\/03\/Beachhaus-Kueche6-1024x683.jpg\" alt=\"\" class=\"wp-image-131 size-full\" style=\"object-position:50% 50%\" srcset=\"https:\/\/chiemsee-beachhouse.de\/wp-content\/uploads\/2026\/03\/Beachhaus-Kueche6-1024x683.jpg 1024w, https:\/\/chiemsee-beachhouse.de\/wp-content\/uploads\/2026\/03\/Beachhaus-Kueche6-300x200.jpg 300w, https:\/\/chiemsee-beachhouse.de\/wp-content\/uploads\/2026\/03\/Beachhaus-Kueche6-768x512.jpg 768w, https:\/\/chiemsee-beachhouse.de\/wp-content\/uploads\/2026\/03\/Beachhaus-Kueche6-1536x1024.jpg 1536w, https:\/\/chiemsee-beachhouse.de\/wp-content\/uploads\/2026\/03\/Beachhaus-Kueche6-2048x1365.jpg 2048w, https:\/\/chiemsee-beachhouse.de\/wp-content\/uploads\/2026\/03\/Beachhaus-Kueche6-18x12.jpg 18w\" sizes=\"auto, (max-width: 1024px) 100vw, 1024px\" \/><\/figure><div class=\"wp-block-media-text__content\">\n<div class=\"wp-block-group is-style-default has-global-padding is-layout-constrained wp-container-core-group-is-layout-9a7b35d3 wp-block-group-is-layout-constrained\" style=\"padding-top:var(--wp--preset--spacing--40);padding-right:var(--wp--preset--spacing--30);padding-bottom:var(--wp--preset--spacing--40);padding-left:var(--wp--preset--spacing--30)\">\n<h3 class=\"wp-block-heading\" style=\"font-size:clamp(15.747px, 0.984rem + ((1vw - 3.2px) * 0.86), 24px);\">Modernly furnished apartments<\/h3>\n\n\n\n<p class=\"has-small-font-size\">Enjoy Wi-Fi, a smart TV, and a covered patio in both apartments.<\/p>\n<\/div>\n<\/div><\/div>\n<\/div>\n\n\n\n<div class=\"wp-block-column is-vertically-aligned-stretch ext-animate--on is-layout-flow wp-container-core-column-is-layout-119bc444 wp-block-column-is-layout-flow\">\n<div class=\"wp-block-media-text is-stacked-on-mobile is-image-fill-element is-style-ext-preset--media-text--natural-1--card-1 has-background-background-color has-background is-style-ext-preset--media-text--natural-1--card-1--12\"><figure class=\"wp-block-media-text__media\"><img decoding=\"async\" src=\"https:\/\/chiemsee-beachhouse.de\/wp-content\/uploads\/2026\/03\/Beachhaus-Terasse2.jpeg\" alt=\"\" class=\"wp-image-136 size-full\" style=\"object-position:50% 50%\"\/><\/figure><div class=\"wp-block-media-text__content\">\n<div class=\"wp-block-group is-style-default has-global-padding is-layout-constrained wp-container-core-group-is-layout-9a7b35d3 wp-block-group-is-layout-constrained\" style=\"padding-top:var(--wp--preset--spacing--40);padding-right:var(--wp--preset--spacing--30);padding-bottom:var(--wp--preset--spacing--40);padding-left:var(--wp--preset--spacing--30)\">\n<h3 class=\"wp-block-heading\" style=\"font-size:clamp(15.747px, 0.984rem + ((1vw - 3.2px) * 0.86), 24px);\">Perfect for outdoor fans<\/h3>\n\n\n\n<p class=\"has-small-font-size\">Explore the nearby hiking and biking trails right on your doorstep.<\/p>\n<\/div>\n<\/div><\/div>\n<\/div>\n<\/div>\n\n\n\n<div class=\"wp-block-columns alignwide is-layout-flex wp-container-core-columns-is-layout-e12f0bcd wp-block-columns-is-layout-flex\" style=\"margin-top:var(--wp--preset--spacing--30)\">\n<div class=\"wp-block-column ext-animate--on is-layout-flow wp-container-core-column-is-layout-119bc444 wp-block-column-is-layout-flow\">\n<div class=\"wp-block-media-text is-stacked-on-mobile is-image-fill-element is-style-ext-preset--media-text--natural-1--card-1 has-background-background-color has-background is-style-ext-preset--media-text--natural-1--card-1--13\"><figure class=\"wp-block-media-text__media\"><img loading=\"lazy\" decoding=\"async\" width=\"1024\" height=\"768\" src=\"https:\/\/chiemsee-beachhouse.de\/wp-content\/uploads\/2026\/03\/Chalet-Wohnzimmer4-1024x768.jpg\" alt=\"\" class=\"wp-image-112 size-full\" style=\"object-position:50% 50%\" srcset=\"https:\/\/chiemsee-beachhouse.de\/wp-content\/uploads\/2026\/03\/Chalet-Wohnzimmer4-1024x768.jpg 1024w, https:\/\/chiemsee-beachhouse.de\/wp-content\/uploads\/2026\/03\/Chalet-Wohnzimmer4-300x225.jpg 300w, https:\/\/chiemsee-beachhouse.de\/wp-content\/uploads\/2026\/03\/Chalet-Wohnzimmer4-768x576.jpg 768w, https:\/\/chiemsee-beachhouse.de\/wp-content\/uploads\/2026\/03\/Chalet-Wohnzimmer4-1536x1152.jpg 1536w, https:\/\/chiemsee-beachhouse.de\/wp-content\/uploads\/2026\/03\/Chalet-Wohnzimmer4-2048x1536.jpg 2048w, https:\/\/chiemsee-beachhouse.de\/wp-content\/uploads\/2026\/03\/Chalet-Wohnzimmer4-16x12.jpg 16w\" sizes=\"auto, (max-width: 1024px) 100vw, 1024px\" \/><\/figure><div class=\"wp-block-media-text__content\">\n<div class=\"wp-block-group is-style-default has-global-padding is-layout-constrained wp-container-core-group-is-layout-9a7b35d3 wp-block-group-is-layout-constrained\" style=\"padding-top:var(--wp--preset--spacing--40);padding-right:var(--wp--preset--spacing--30);padding-bottom:var(--wp--preset--spacing--40);padding-left:var(--wp--preset--spacing--30)\">\n<h3 class=\"wp-block-heading\" style=\"font-size:clamp(15.747px, 0.984rem + ((1vw - 3.2px) * 0.86), 24px);\">Pet-friendly accommodations<\/h3>\n\n\n\n<p class=\"has-small-font-size\">Bring your four-legged friends along\u2014we warmly welcome pets.<\/p>\n<\/div>\n<\/div><\/div>\n<\/div>\n\n\n\n<div class=\"wp-block-column ext-animate--on is-layout-flow wp-container-core-column-is-layout-119bc444 wp-block-column-is-layout-flow\">\n<div class=\"wp-block-media-text is-stacked-on-mobile is-image-fill-element is-style-ext-preset--media-text--natural-1--card-1 has-background-background-color has-background is-style-ext-preset--media-text--natural-1--card-1--14\"><figure class=\"wp-block-media-text__media\"><img loading=\"lazy\" decoding=\"async\" width=\"1024\" height=\"768\" src=\"https:\/\/chiemsee-beachhouse.de\/wp-content\/uploads\/2026\/03\/IMG_1782-1024x768.jpg\" alt=\"\" class=\"wp-image-123 size-full\" style=\"object-position:50% 50%\" srcset=\"https:\/\/chiemsee-beachhouse.de\/wp-content\/uploads\/2026\/03\/IMG_1782-1024x768.jpg 1024w, https:\/\/chiemsee-beachhouse.de\/wp-content\/uploads\/2026\/03\/IMG_1782-300x225.jpg 300w, https:\/\/chiemsee-beachhouse.de\/wp-content\/uploads\/2026\/03\/IMG_1782-768x576.jpg 768w, https:\/\/chiemsee-beachhouse.de\/wp-content\/uploads\/2026\/03\/IMG_1782-1536x1152.jpg 1536w, https:\/\/chiemsee-beachhouse.de\/wp-content\/uploads\/2026\/03\/IMG_1782-2048x1536.jpg 2048w, https:\/\/chiemsee-beachhouse.de\/wp-content\/uploads\/2026\/03\/IMG_1782-16x12.jpg 16w\" sizes=\"auto, (max-width: 1024px) 100vw, 1024px\" \/><\/figure><div class=\"wp-block-media-text__content\">\n<div class=\"wp-block-group is-style-default has-global-padding is-layout-constrained wp-container-core-group-is-layout-9a7b35d3 wp-block-group-is-layout-constrained\" style=\"padding-top:var(--wp--preset--spacing--40);padding-right:var(--wp--preset--spacing--30);padding-bottom:var(--wp--preset--spacing--40);padding-left:var(--wp--preset--spacing--30)\">\n<h3 class=\"wp-block-heading\" style=\"font-size:clamp(15.747px, 0.984rem + ((1vw - 3.2px) * 0.86), 24px);\">Central location<\/h3>\n\n\n\n<p class=\"has-small-font-size\">Easy access to public transportation and nearby natural attractions.<\/p>\n<\/div>\n<\/div><\/div>\n<\/div>\n<\/div>\n<\/div>\n\n\n\n<div class=\"wp-block-group alignfull is-style-ext-preset--group--natural-1--section has-background-background-color has-background has-global-padding is-layout-constrained wp-container-core-group-is-layout-e955bbaf wp-block-group-is-layout-constrained\" style=\"margin-top:0;margin-bottom:0;padding-top:var(--wp--preset--spacing--70);padding-bottom:var(--wp--preset--spacing--70)\">\n<div class=\"wp-block-group alignwide ext-is-logical-start has-global-padding is-content-justification-left is-layout-constrained wp-container-core-group-is-layout-6729bdbe wp-block-group-is-layout-constrained\">\n<h2 class=\"wp-block-heading ext-animate--on translation-block\"><strong>Our guests love it<\/strong> 9.3 out of 10 on Booking.com \u00b7 5 out of 5 stars on TripAdvisor<\/h2>\n<\/div>\n<\/div>","protected":false},"excerpt":{"rendered":"<p>Charmante Ferienwohnungen am Chiemsee f\u00fcr Aktivurlauber mit Hund Hier finden Sie Antworten auf h\u00e4ufig gestellte Fragen zu unseren Apartments, damit Sie schnell alle wichtigen Informationen erhalten. Welche Ausstattung bieten die Beachhouse Apartments? Beide Wohnungen verf\u00fcgen \u00fcber WLAN, Smart-TV, eine voll ausgestattete K\u00fcche mit Geschirrsp\u00fcler, Waschmaschine, eine ruhige Terrasse und einen komplett eingez\u00e4unten Garten. Ein kostenloser [&hellip;]<\/p>\n","protected":false},"author":1,"featured_media":0,"parent":0,"menu_order":5,"comment_status":"closed","ping_status":"closed","template":"page-with-title","meta":{"footnotes":""},"class_list":["post-18","page","type-page","status-publish","hentry"],"_links":{"self":[{"href":"https:\/\/chiemsee-beachhouse.de\/en\/wp-json\/wp\/v2\/pages\/18","targetHints":{"allow":["GET"]}}],"collection":[{"href":"https:\/\/chiemsee-beachhouse.de\/en\/wp-json\/wp\/v2\/pages"}],"about":[{"href":"https:\/\/chiemsee-beachhouse.de\/en\/wp-json\/wp\/v2\/types\/page"}],"author":[{"embeddable":true,"href":"https:\/\/chiemsee-beachhouse.de\/en\/wp-json\/wp\/v2\/users\/1"}],"replies":[{"embeddable":true,"href":"https:\/\/chiemsee-beachhouse.de\/en\/wp-json\/wp\/v2\/comments?post=18"}],"version-history":[{"count":4,"href":"https:\/\/chiemsee-beachhouse.de\/en\/wp-json\/wp\/v2\/pages\/18\/revisions"}],"predecessor-version":[{"id":222,"href":"https:\/\/chiemsee-beachhouse.de\/en\/wp-json\/wp\/v2\/pages\/18\/revisions\/222"}],"wp:attachment":[{"href":"https:\/\/chiemsee-beachhouse.de\/en\/wp-json\/wp\/v2\/media?parent=18"}],"curies":[{"name":"wp","href":"https:\/\/api.w.org\/{rel}","templated":true}]}}